{"id":10,"date":"2025-06-19T15:55:33","date_gmt":"2025-06-19T15:55:33","guid":{"rendered":"https:\/\/darkturquoise-jay-753115.hostingersite.com\/about\/"},"modified":"2025-06-19T15:55:33","modified_gmt":"2025-06-19T15:55:33","slug":"about","status":"publish","type":"page","link":"https:\/\/sergiovelasco.uk\/es\/about\/","title":{"rendered":"About"},"content":{"rendered":"<div class=\"wp-block-group alignfull hostinger-ai-about-us-2 hostinger-ai-fade-up has-global-padding is-layout-constrained wp-block-group-is-layout-constrained\" data-aos=\"fade-up\">\n    <div class=\"wp-block-group alignwide hostinger-ai-fade-up is-layout-grid wp-container-core-group-is-layout-422a8eaf wp-block-group-is-layout-grid\" data-aos=\"fade-up\" style=\"padding-top:var(--wp--preset--spacing--60);padding-right:0;padding-bottom:var(--wp--preset--spacing--60);padding-left:0\">\n        <div class=\"wp-block-group hostinger-ai-fade-up has-global-padding is-layout-constrained wp-block-group-is-layout-constrained\" data-aos=\"fade-up\">\n            <figure class=\"wp-block-image size-full has-custom-border hostinger-ai-image hostinger-index-1\"><img decoding=\"async\" src=\"https:\/\/images.unsplash.com\/photo-1587124503315-057ef32d2c76?q=85&amp;w=584&amp;h=438&amp;fit=crop\" alt=\"\" class=\"wp-image-18\" style=\"border-radius:20px\"><\/figure>\n            <\/div>\n        \n\n        \n        <div class=\"wp-block-group hostinger-ai-fade-up wp-container-content-5e2576f9 is-vertical is-content-justification-left is-nowrap is-layout-flex wp-container-core-group-is-layout-cb02dbd6 wp-block-group-is-layout-flex\" data-aos=\"fade-up\" style=\"padding-right:var(--wp--preset--spacing--60);padding-left:var(--wp--preset--spacing--60)\">\n            <h2 class=\"wp-block-heading hostinger-ai-title has-dark-color has-text-color has-link-color has-x-large-font-size wp-elements-21d515bdffd7f73dba14fff49ca4fee4\" style=\"margin-top:0;margin-right:0;margin-bottom:0;margin-left:0;padding-bottom:var(--wp--preset--spacing--20)\">Sergio Velasco<\/h2>\n            \n\n            \n            <p class=\"hostinger-ai-description has-dark-color has-text-color has-link-color has-medium-font-size wp-elements-54fb2e56ebfcd2ff617c505e6510d2ee\" style=\"margin-top:0;margin-bottom:var(--wp--preset--spacing--50)\">Sergio Velasco is a distinguished political scientist, speaker, writer, journalist, and thinker dedicated to exploring and analyzing contemporary political issues.<\/p>\n            \n\n            \n            <div class=\"wp-block-buttons is-layout-flex wp-block-buttons-is-layout-flex\">\n                <div class=\"wp-block-button has-custom-font-size hostinger-ai-cta-button hostinger-index-0 has-medium-font-size\"><a class=\"wp-block-button__link has-dark-color has-text-color has-link-color has-border-color has-dark-border-color wp-element-button\" style=\"padding-top:var(--wp--preset--spacing--30);padding-right:var(--wp--preset--spacing--70);padding-bottom:var(--wp--preset--spacing--30);padding-left:var(--wp--preset--spacing--70)\">Learn More<\/a><\/div>\n                <\/div>\n            <\/div>\n        <\/div>\n    <\/div>\n<div class=\"wp-block-group alignfull hostinger-ai-resume-1 hostinger-ai-fade-up has-global-padding is-layout-constrained wp-block-group-is-layout-constrained\" data-aos=\"fade-up\">\n    <div class=\"wp-block-group alignwide hostinger-ai-fade-up is-layout-grid wp-container-core-group-is-layout-b2a6df44 wp-block-group-is-layout-grid\" data-aos=\"fade-up\" style=\"padding-top:var(--wp--preset--spacing--60);padding-bottom:var(--wp--preset--spacing--60)\">\n        <div class=\"wp-block-group hostinger-ai-fade-up has-global-padding is-layout-constrained wp-block-group-is-layout-constrained\" data-aos=\"fade-up\">\n            <figure class=\"wp-block-image size-full has-custom-border hostinger-ai-image\"><img decoding=\"async\" src=\"https:\/\/images.unsplash.com\/photo-1699744498921-3ea7be701d58?q=85&amp;w=584&amp;h=650&amp;fit=crop\" alt=\"\" class=\"wp-image-18\" style=\"border-radius:20px\"><\/figure>\n            <\/div>\n        \n\n        \n        <div class=\"wp-block-group hostinger-ai-fade-up wp-container-content-5e2576f9 is-vertical is-content-justification-left is-nowrap is-layout-flex wp-container-core-group-is-layout-cb02dbd6 wp-block-group-is-layout-flex\" data-aos=\"fade-up\" style=\"padding-right:var(--wp--preset--spacing--60);padding-left:var(--wp--preset--spacing--60)\">\n            <h2 class=\"wp-block-heading hostinger-ai-title has-dark-color has-text-color has-link-color has-x-large-font-size wp-elements-f249a11c7b2f0dc9b2cf0635a21a9993\" style=\"margin-bottom:var(--wp--preset--spacing--20)\">About Me<\/h2>\n            \n\n            \n            <p class=\"hostinger-ai-description has-dark-color has-text-color has-link-color has-medium-font-size wp-elements-571241769a487e675ddff9da8fe3e3cc\" style=\"margin-top:0;margin-bottom:var(--wp--preset--spacing--70)\">I am Sergio Velasco, a political scientist, speaker, writer, journalist, and thinker dedicated to exploring contemporary political issues.<\/p>\n            \n\n            \n            <h2 class=\"wp-block-heading hostinger-ai-title hostinger-index-1 has-x-large-font-size\" style=\"margin-bottom:var(--wp--preset--spacing--30)\">My Work<\/h2>\n            \n\n            \n            <p class=\"hostinger-ai-subtitle hostinger-index-1 hostinger-ai-font-bold\">Insights and Analysis<\/p>\n            \n\n            \n            <p class=\"hostinger-ai-description hostinger-index-1\" style=\"margin-bottom:var(--wp--preset--spacing--50)\">Through my work, I provide insights into political dynamics and engage audiences in meaningful discussions.<\/p>\n            \n\n            \n            <p class=\"hostinger-ai-subtitle hostinger-index-2 hostinger-ai-font-bold\">Speaking Engagements<\/p>\n            \n\n            \n            <p class=\"hostinger-ai-subtitle hostinger-index-2\">Speaking Engagements<\/p>\n            <\/div>\n        <\/div>\n    <\/div>\n<div class=\"wp-block-group alignfull hostinger-ai-our-blog-1 hostinger-ai-fade-up has-global-padding is-layout-constrained wp-block-group-is-layout-constrained\" data-aos=\"fade-up\">\n    <div class=\"wp-block-group alignwide hostinger-ai-fade-up has-global-padding is-content-justification-left is-layout-constrained wp-container-core-group-is-layout-12dd3699 wp-block-group-is-layout-constrained\" data-aos=\"fade-up\">\n        <h2 class=\"wp-block-heading is-style-default hostinger-ai-title has-dark-color has-text-color has-link-color has-x-large-font-size wp-elements-c0d60b79062dc92a920fb0b69a0030d8\" style=\"margin-bottom:var(--wp--preset--spacing--50)\">Political Insights Blog<\/h2>\n        \n\n        \n        <div data-wp-context=\"{}\" data-wp-interactive=\"core\/query\" data-wp-key=\"24\" data-wp-router-region=\"query-24\" class=\"wp-block-query alignwide is-layout-flow wp-block-query-is-layout-flow\"><ul class=\"columns-2 post-item wp-block-post-template is-layout-grid wp-container-core-post-template-is-layout-02493678 wp-block-post-template-is-layout-grid\"><li data-wp-key=\"post-template-item-6\" class=\"wp-block-post post-6 post type-post status-publish format-standard has-post-thumbnail hentry category-uncategorized\">\n            <figure class=\"wp-block-post-featured-image\"><a href=\"https:\/\/sergiovelasco.uk\/es\/el-impacto-del-politologo-en-la-sociedad-actual\/\" target=\"_self\"  ><img fetchpriority=\"high\" decoding=\"async\" width=\"530\" height=\"250\" src=\"https:\/\/images.unsplash.com\/photo-1703505238284-00f1d6589c3d?q=85&amp;w=530&amp;h=250&amp;fit=crop\" class=\"attachment-blog-thumb size-blog-thumb wp-post-image\" alt=\"El Impacto del Polit\u00f3logo en la Sociedad Actual\" style=\"border-radius:20px;object-fit:cover;\" \/><\/a><\/figure>\n\n            <h2 style=\"margin-bottom:0;margin-top:var(--wp--preset--spacing--20);\" class=\"wp-block-post-title has-large-font-size\"><a href=\"https:\/\/sergiovelasco.uk\/es\/el-impacto-del-politologo-en-la-sociedad-actual\/\" target=\"_self\" >El Impacto del Polit\u00f3logo en la Sociedad Actual<\/a><\/h2>\n\n            <div style=\"margin-bottom:0;margin-top:var(--wp--preset--spacing--20);\" class=\"wp-block-post-excerpt\"><p class=\"wp-block-post-excerpt__excerpt\">Introducci\u00f3n a la figura del polit\u00f3logo En el mundo contempor\u00e1neo, el polit\u00f3logo desempe\u00f1a un papel fundamental como conferencista, escritor y&hellip; <\/p><\/div>\n\n            <div style=\"margin-top:var(--wp--preset--spacing--20);\" class=\"wp-block-post-date\"><time datetime=\"2025-06-19T15:55:29+00:00\">6\/19\/2025<\/time><\/div>\n            <\/li><li data-wp-key=\"post-template-item-4\" class=\"wp-block-post post-4 post type-post status-publish format-standard has-post-thumbnail hentry category-uncategorized\">\n            <figure class=\"wp-block-post-featured-image\"><a href=\"https:\/\/sergiovelasco.uk\/es\/la-influencia-de-los-politologos-en-la-sociedad-actual\/\" target=\"_self\"  ><img decoding=\"async\" width=\"530\" height=\"250\" src=\"https:\/\/images.unsplash.com\/photo-1631706931759-cd85f7f60ccf?q=85&amp;w=530&amp;h=250&amp;fit=crop\" class=\"attachment-blog-thumb size-blog-thumb wp-post-image\" alt=\"La Influencia de los Polit\u00f3logos en la Sociedad Actual\" style=\"border-radius:20px;object-fit:cover;\" \/><\/a><\/figure>\n\n            <h2 style=\"margin-bottom:0;margin-top:var(--wp--preset--spacing--20);\" class=\"wp-block-post-title has-large-font-size\"><a href=\"https:\/\/sergiovelasco.uk\/es\/la-influencia-de-los-politologos-en-la-sociedad-actual\/\" target=\"_self\" >La Influencia de los Polit\u00f3logos en la Sociedad Actual<\/a><\/h2>\n\n            <div style=\"margin-bottom:0;margin-top:var(--wp--preset--spacing--20);\" class=\"wp-block-post-excerpt\"><p class=\"wp-block-post-excerpt__excerpt\">Introducci\u00f3n al Polit\u00f3logo Los polit\u00f3logos han ganado una notable relevancia en el contexto pol\u00edtico contempor\u00e1neo. Su papel como conferencistas, escritores&hellip; <\/p><\/div>\n\n            <div style=\"margin-top:var(--wp--preset--spacing--20);\" class=\"wp-block-post-date\"><time datetime=\"2025-06-19T15:55:29+00:00\">6\/19\/2025<\/time><\/div>\n            <\/li><\/ul><\/div>\n        <\/div>\n    <\/div>","protected":false},"excerpt":{"rendered":"<p>Sergio Velasco Sergio Velasco is a distinguished political scientist, speaker, writer, journalist, and thinker dedicated to exploring and analyzing contemporary political issues. About Me I am Sergio Velasco, a political scientist, speaker, writer, journalist, and thinker dedicated to exploring contemporary political issues. My Work Insights and Analysis Through my work, I provide insights into political [&hellip;]<\/p>","protected":false},"author":1,"featured_media":0,"parent":0,"menu_order":0,"comment_status":"closed","ping_status":"closed","template":"","meta":{"footnotes":""},"class_list":["post-10","page","type-page","status-publish","hentry"],"_links":{"self":[{"href":"https:\/\/sergiovelasco.uk\/es\/wp-json\/wp\/v2\/pages\/10","targetHints":{"allow":["GET"]}}],"collection":[{"href":"https:\/\/sergiovelasco.uk\/es\/wp-json\/wp\/v2\/pages"}],"about":[{"href":"https:\/\/sergiovelasco.uk\/es\/wp-json\/wp\/v2\/types\/page"}],"author":[{"embeddable":true,"href":"https:\/\/sergiovelasco.uk\/es\/wp-json\/wp\/v2\/users\/1"}],"replies":[{"embeddable":true,"href":"https:\/\/sergiovelasco.uk\/es\/wp-json\/wp\/v2\/comments?post=10"}],"version-history":[{"count":0,"href":"https:\/\/sergiovelasco.uk\/es\/wp-json\/wp\/v2\/pages\/10\/revisions"}],"wp:attachment":[{"href":"https:\/\/sergiovelasco.uk\/es\/wp-json\/wp\/v2\/media?parent=10"}],"curies":[{"name":"wp","href":"https:\/\/api.w.org\/{rel}","templated":true}]}}